{"id":2521,"date":"2022-08-30T13:45:16","date_gmt":"2022-08-30T13:45:16","guid":{"rendered":"http:\/\/www.raksibio.lv\/?page_id=2521"},"modified":"2024-01-12T10:18:33","modified_gmt":"2024-01-12T10:18:33","slug":"privatuma-politika","status":"publish","type":"page","link":"https:\/\/www.raksibio.lv\/en\/privatuma-politika\/","title":{"rendered":"Privacy policy"},"content":{"rendered":"<div data-elementor-type=\"wp-page\" data-elementor-id=\"2521\" class=\"elementor elementor-2521\" data-elementor-post-type=\"page\">\n\t\t\t\t\t\t<section class=\"elementor-section elementor-top-section elementor-element elementor-element-c598b82 elementor-section-full_width elementor-section-height-default elementor-section-height-default\" data-id=\"c598b82\" data-element_type=\"section\">\n\t\t\t\t\t\t<div class=\"elementor-container elementor-column-gap-default\">\n\t\t\t\t\t<div class=\"elementor-column elementor-col-100 elementor-top-column elementor-element elementor-element-960539d\" data-id=\"960539d\" data-element_type=\"column\">\n\t\t\t<div class=\"elementor-widget-wrap elementor-element-populated\">\n\t\t\t\t\t\t<div class=\"elementor-element elementor-element-c31e721 elementor-widget elementor-widget-text-editor\" data-id=\"c31e721\" data-element_type=\"widget\" data-widget_type=\"text-editor.default\">\n\t\t\t\t<div class=\"elementor-widget-container\">\n\t\t\t\t\t\t\t\t\t<p><strong>1. General rules.<\/strong><\/p><p>1.1. This Privacy Policy describes how SIA Rak\u0161i BIO, \u201cRak\u0161i,\u201d located in Drabe\u0161i parish, C\u0113sis municipality, LV-4101, Registration number: 44103105164 (hereinafter referred to as the \u201cData Controller\u201d) obtains, processes, and stores personal data obtained from its clients and individuals who visit the website www.raksibio.lv (hereinafter referred to as the \u201cData Subject\u201d or \u201cYou\u201d).<\/p><p>1.2. Personal data is any information regarding an identified or identifiable natural person, i.e., the Data Subject. Processing includes any operation related to personal data, such as collection, recording, organization, use, viewing, deletion, or destruction.<\/p><p>1.3. The Data Controller adheres to the legal principles of data processing and can confirm that personal data is processed in accordance with applicable legislation.<\/p>\t\t\t\t\t\t\t\t<\/div>\n\t\t\t\t<\/div>\n\t\t\t\t<div class=\"elementor-element elementor-element-916169b elementor-widget elementor-widget-text-editor\" data-id=\"916169b\" data-element_type=\"widget\" data-widget_type=\"text-editor.default\">\n\t\t\t\t<div class=\"elementor-widget-container\">\n\t\t\t\t\t\t\t\t\t<p><strong>2. Acquisition, processing, and storage of personal data.<\/strong><\/p><p>2.1. The Data Controller obtains, processes, and stores personally identifiable information primarily through the use of the website and email.<\/p><p>2.2. By visiting and using the services provided on the website, you agree that any information provided is used and managed in accordance with the purposes outlined in the Privacy Policy.<\/p><p>2.3. The Data Subject is responsible for ensuring that the submitted personal data is accurate, precise, and complete. Knowingly providing false information is considered a violation of our Privacy Policy. The Data Subject has an obligation to immediately inform the Data Controller of any changes to the submitted personal data.<\/p><p>2.4. The Data Controller is not responsible for losses incurred by the Data Subject or third parties if they arise due to falsely submitted personal data.<\/p>\t\t\t\t\t\t\t\t<\/div>\n\t\t\t\t<\/div>\n\t\t\t\t<div class=\"elementor-element elementor-element-e6752d6 elementor-widget elementor-widget-text-editor\" data-id=\"e6752d6\" data-element_type=\"widget\" data-widget_type=\"text-editor.default\">\n\t\t\t\t<div class=\"elementor-widget-container\">\n\t\t\t\t\t\t\t\t\t<p><strong>3. Processing of Customer Personal Data.<\/strong><\/p><p>3.1. The Data Controller may process the following personal data:<\/p><p>3.1.1. Name, surname<br \/>3.1.2. Contact information (email address and\/or phone number)<br \/>3.1.3. Any other information submitted to us during the use of website services, purchase of goods, or when contacting us.<\/p><p>3.2. In addition to the above, the Data Controller has the right to verify the accuracy of the submitted data using publicly available registers.<\/p><p>3.3. The legal basis for the processing of personal data is Article 6(1)(a), (b), (c), and (d) of the General Data Protection Regulation:<\/p><p>a) the data subject has given consent to the processing of their personal data for one or more specific purposes;<\/p><p>b) processing is necessary for the performance of a contract to which the data subject is a party or in order to take steps at the request of the data subject prior to entering into a contract;<\/p><p>c) processing is necessary for compliance with a legal obligation to which the controller is subject;<\/p><p>d) processing is necessary for the purposes of the legitimate interests pursued by the controller or a third party, except where such interests are overridden by the interests or fundamental rights and freedoms of the data subject which require protection of personal data, in particular where the data subject is a child.<\/p><p>3.4. The Data Controller stores and processes the personal data of the Data Subject as long as at least one of the following criteria is met:<\/p><p>3.4.1. The personal data is necessary for the purposes for which it was obtained;<br \/>3.4.2. Until the Data Controller and\/or the Data Subject can exercise their legitimate interests in accordance with external regulations, such as submitting objections or bringing or defending legal claims;<br \/>3.4.3. As long as there is a legal obligation to retain the data, such as under the Accounting Law;<br \/>3.4.4. Until the Data Subject\u2019s consent for the specific processing of personal data is no longer valid, unless there is another lawful basis for processing.<\/p><p>Upon the expiration of the conditions mentioned in this section, the storage period of the Data Subject\u2019s personal data ends, and all relevant personal data is irrevocably deleted from computer systems and electronic and\/or paper documents containing such personal data are either deleted or anonymized.<\/p><p>3.5. To fulfill its obligations to you, the Data Controller has the right to transfer your personal data to business partners, data processors performing necessary data processing on our behalf, such as accountants, courier services, etc. A data processor is a data controller. Upon request, we may disclose your personal data to state and law enforcement authorities to defend our legal interests, compiling, submitting, and defending legal claims when necessary.\u00a0<br \/>P\u0113c piepras\u012bjuma m\u0113s varam nodot J\u016bsu personas datus valsts un ties\u012bbsarg\u0101jo\u0161aj\u0101m iest\u0101d\u0113m, lai nepiecie\u0161am\u012bbas gad\u012bjum\u0101 aizst\u0101v\u0113tu savas juridisk\u0101s intereses, sast\u0101dot, iesniedzot un aizst\u0101vot juridiskas pras\u012bbas.<\/p><p>3.6. In processing and storing personal data, the Data Controller implements organizational and technical measures to ensure the protection of personal data against accidental or unlawful destruction, alteration, disclosure, and any other unlawful processing.<\/p>\t\t\t\t\t\t\t\t<\/div>\n\t\t\t\t<\/div>\n\t\t\t\t<div class=\"elementor-element elementor-element-20b0db0 elementor-widget elementor-widget-text-editor\" data-id=\"20b0db0\" data-element_type=\"widget\" data-widget_type=\"text-editor.default\">\n\t\t\t\t<div class=\"elementor-widget-container\">\n\t\t\t\t\t\t\t\t\t<p><strong>4. Data Subject Rights<\/strong><\/p><p>4.1. In accordance with the General Data Protection Regulation and the laws of the Republic of Latvia, you have the following rights:<br \/>4.1.1. Access to your personal data, information about its processing, the right to request a copy of your personal data in electronic format, and the right to transfer this data to another controller (data portability).<br \/>4.1.2. Request correction of incorrect, inaccurate, or incomplete personal data.<br \/>4.1.3. Erasure of your personal data (\u201cright to be forgotten\u201d), except in cases where the law requires data retention.<br \/>4.1.4. Withdrawal of your previously given consent for the processing of personal data.<br \/>4.1.5. Restriction of data processing \u2013 the right to request the temporary suspension of the processing of all your personal data.<br \/>You can exercise your rights by submitting a request electronically or by writing to the customer support service at info@raksibio.lv.<\/p>\t\t\t\t\t\t\t\t<\/div>\n\t\t\t\t<\/div>\n\t\t\t\t<div class=\"elementor-element elementor-element-ace71dd elementor-widget elementor-widget-text-editor\" data-id=\"ace71dd\" data-element_type=\"widget\" data-widget_type=\"text-editor.default\">\n\t\t\t\t<div class=\"elementor-widget-container\">\n\t\t\t\t\t\t\t\t\t<p><strong>5. Closing Provisions<\/strong><\/p><p>5.1. This Privacy Policy is developed in accordance with Regulation (EU) 2016\/679 of the European Parliament and of the Council of 27 April 2016 on the protection of natural persons with regard to the processing of personal data and on the free movement of such data, and repealing Directive 95\/46\/EC (General Data Protection Regulation), as well as the current laws of the Republic of Latvia and the European Union.<\/p><p>5.2. The Data Controller has the right to make changes or additions to the Privacy Policy at any time and without prior notice. Amendments come into effect upon their publication on the website www.raksibio.lv.<\/p>\t\t\t\t\t\t\t\t<\/div>\n\t\t\t\t<\/div>\n\t\t\t\t\t<\/div>\n\t\t<\/div>\n\t\t\t\t\t<\/div>\n\t\t<\/section>\n\t\t\t\t<\/div>","protected":false},"excerpt":{"rendered":"<p>1. Visp\u0101r\u012bgie noteikumi. 1.1. \u0160\u012b Priv\u0101tuma politika apraksta, k\u0101 SIA Rak\u0161i BIO, &#8220;Rak\u0161i&#8221;, Drabe\u0161u pag., C\u0113su nov. LV-4101, Re\u0123. nr.:44103105164 (turpm\u0101k saukti ar\u012b \u2013 \u201cDatu p\u0101rzinis\u201d) ieg\u016bst, apstr\u0101d\u0101 un glab\u0101 personas datus, ko www.raksibio.lv ieg\u016bst no saviem klientiem un person\u0101m, kas apmekl\u0113 interneta m\u0101jaslapu (turpm\u0101k saukti \u2013 \u201cDatu subjekts\u201d vai \u201cJ\u016bs\u201d). 1.2. Personas dati ir [&hellip;]<\/p>","protected":false},"author":1,"featured_media":0,"parent":0,"menu_order":0,"comment_status":"closed","ping_status":"closed","template":"","meta":{"footnotes":""},"class_list":["post-2521","page","type-page","status-publish","hentry"],"_links":{"self":[{"href":"https:\/\/www.raksibio.lv\/en\/wp-json\/wp\/v2\/pages\/2521","targetHints":{"allow":["GET"]}}],"collection":[{"href":"https:\/\/www.raksibio.lv\/en\/wp-json\/wp\/v2\/pages"}],"about":[{"href":"https:\/\/www.raksibio.lv\/en\/wp-json\/wp\/v2\/types\/page"}],"author":[{"embeddable":true,"href":"https:\/\/www.raksibio.lv\/en\/wp-json\/wp\/v2\/users\/1"}],"replies":[{"embeddable":true,"href":"https:\/\/www.raksibio.lv\/en\/wp-json\/wp\/v2\/comments?post=2521"}],"version-history":[{"count":0,"href":"https:\/\/www.raksibio.lv\/en\/wp-json\/wp\/v2\/pages\/2521\/revisions"}],"wp:attachment":[{"href":"https:\/\/www.raksibio.lv\/en\/wp-json\/wp\/v2\/media?parent=2521"}],"curies":[{"name":"wp","href":"https:\/\/api.w.org\/{rel}","templated":true}]}}